{"id":103,"date":"2020-03-25T17:15:04","date_gmt":"2020-03-25T20:15:04","guid":{"rendered":"https:\/\/vmbjuridica.com\/codigo-de-conduta\/"},"modified":"2020-05-15T14:54:52","modified_gmt":"2020-05-15T17:54:52","slug":"codigo-de-conduta","status":"publish","type":"page","link":"https:\/\/vmbjuridica.com\/es\/codigo-de-conduta\/","title":{"rendered":"C\u00f3digo de Conducta"},"content":{"rendered":"<p>El C\u00f3digo de Conducta (\u201cC\u00f3digo\u201d) de VMB Jur\u00eddica (\u201cOficina\u201d) establece normas de Conducta a ser seguidas por todos los socios, asociados, pasantes, aprendices, personal temporal y empleados (\u201cIntegrantes\u201d) y prestadores de servicio, colaboradores o representantes (\u201cTerceros\u201d), con el objetivo de cohibir pr\u00e1cticas de corrupci\u00f3n, regular la interacci\u00f3n con agentes p\u00fablicos, evitar violaciones a la legislaci\u00f3n y dem\u00e1s desv\u00edos de Conducta.<\/p>\n<p>Este C\u00f3digo no reemplaza ni altera de ninguna forma las disposiciones del C\u00f3digo de \u00c9tica y Disciplina del Colegio de Abogados de Brasil \u2013 OAB, ni los reglamentos, disposiciones y resoluciones de OAB Federal, las seccionales aplicables y los respectivos tribunales que obligan a todos los abogados, miembros o no de la Oficina, como tambi\u00e9n, seg\u00fan corresponda, la propia Oficina, sus empleados, aprendices y pasantes. En caso de conflicto, prevalecer\u00e1 el C\u00f3digo de \u00c9tica y Disciplina del Colegio de Abogados de Brasil \u2013 OAB.<\/p>\n<p>Los Integrantes y los Terceros, si aplicable, respetar\u00e1n las disposiciones de c\u00f3digos o normas de conducta oriundas de clientes.<\/p>\n<p>En el ejercicio de sus atribuciones, los Integrantes y los Terceros siempre deben guiarse por los est\u00e1ndares de la \u00e9tica, especialmente en lo que se refiere a la integridad, conformidad, moralidad, claridad de posiciones y decoro.<\/p>\n<p>Los Integrantes y los Terceros deber\u00e1n observar especialmente los siguientes principios:<\/p>\n<ul>\n<li>I. Legalidad: ejercer la abogac\u00eda, en cualquiera de sus campos, dentro de los l\u00edmites establecidos por la ley y de conformidad con la legislaci\u00f3n y las normas aplicables a la realizaci\u00f3n de actividades;<\/li>\n<li>II. Esp\u00edritu societario: conducir sus actividades profesionales siempre teniendo en cuenta el inter\u00e9s com\u00fan de la Oficina, el cual se superpone, por definici\u00f3n, sobre los intereses profesionales individuales de cada Integrante;<\/li>\n<li>III. Inexistencia de conflicto de intereses: no aceptar tarea o causa que pueda resultar en conflicto de intereses con clientes y la propia Oficina;<\/li>\n<li>IV. Confidencialidad: mantener en confidencialidad toda informaci\u00f3n y documentos confidenciales transmitidos por el cliente, o que haya accedido en el ejercicio de la profesi\u00f3n y, en particular, en virtud del desempe\u00f1o de sus tareas profesionales;<\/li>\n<li>V. Moralidad: observar comportamiento adecuado a las buenas costumbres, la sobrieda, la cortes\u00eda y alertar a los clientes y compa\u00f1eros de trabajo sobre situaciones que puedan representar violaci\u00f3n de principios \u00e9ticos;<\/li>\n<li>VI. Transparencia: adoptar postura profesional clara y objetiva, reservadas las hip\u00f3tesis legales de confidencialidad.<\/li>\n<\/ul>\n<p>La Oficina no admite pr\u00e1cticas de corrupci\u00f3n de ninguna naturaleza.<\/p>\n<p>Todos los Integrantes y los Terceros tienen la obligaci\u00f3n de velar, en su actuaci\u00f3n profesional, por el cumplimento integral y la no violaci\u00f3n de las normas relacionadas con la legislaci\u00f3n anticorrupci\u00f3n (C\u00f3digo Penal Brasile\u00f1o, la Ley n\u00ba 12.846, de 2013, y la legislaci\u00f3n extranjera relacionada, como el Foreign Corrupt Practices Act &#8211; FCPA, de los Estados Unidos de Am\u00e9rica, y el United Kingdom Bribery Act, de Reino Unido).<\/p>\n<p>Se proh\u00edbe a cualquier Integrante y Terceros prometer, ofrecer o dar, directa o indirectamente, ventaja indebida a un agente p\u00fablico, privado o terceros relacionados a ellos, con el objetivo de obtener alg\u00fan favor.<\/p>\n<p>La Oficina no mediar\u00e1, a solicitud de clientes o terceros, el pago de valores indebidos a agentes p\u00fablicos, privados o personas relacionadas a ellos.<\/p>\n<p>La interacci\u00f3n de los Integrantes o Terceros con agentes p\u00fablicos o personas pol\u00edticamente expuestas debe ocurrir de manera \u00e9tica, integral, transparente y de acuerdo con las leyes, normas y mejores pr\u00e1cticas aplicables.<\/p>\n<p>Se permite ofrecer obsequios con el nombre o el logotipo de la Oficina para difundir su marca. Los obsequios est\u00e1n destinados a Clientes privados, proveedores y dem\u00e1s personas de relaci\u00f3n profesional con los Integrantes. Los obsequios no deben ser considerados como una forma de satisfacer una relaci\u00f3n estrictamente personal.<\/p>\n<p>Est\u00e1 expresamente prohibido ofrecer obsequios y otros beneficios (incluidos obsequios, viajes, entretenimiento, alojamiento, etc.) a agentes p\u00fablicos.<\/p>\n<p>Aprobado en enero 2020<\/p>\n","protected":false},"excerpt":{"rendered":"<p>El C\u00f3digo de Conducta (\u201cC\u00f3digo\u201d) de VMB Jur\u00eddica (\u201cOficina\u201d) establece normas de Conducta a ser [&hellip;]<\/p>\n","protected":false},"author":1,"featured_media":0,"parent":0,"menu_order":0,"comment_status":"closed","ping_status":"closed","template":"","meta":{"_acf_changed":false,"footnotes":""},"class_list":["post-103","page","type-page","status-publish","hentry"],"acf":[],"_links":{"self":[{"href":"https:\/\/vmbjuridica.com\/es\/wp-json\/wp\/v2\/pages\/103","targetHints":{"allow":["GET"]}}],"collection":[{"href":"https:\/\/vmbjuridica.com\/es\/wp-json\/wp\/v2\/pages"}],"about":[{"href":"https:\/\/vmbjuridica.com\/es\/wp-json\/wp\/v2\/types\/page"}],"author":[{"embeddable":true,"href":"https:\/\/vmbjuridica.com\/es\/wp-json\/wp\/v2\/users\/1"}],"replies":[{"embeddable":true,"href":"https:\/\/vmbjuridica.com\/es\/wp-json\/wp\/v2\/comments?post=103"}],"version-history":[{"count":1,"href":"https:\/\/vmbjuridica.com\/es\/wp-json\/wp\/v2\/pages\/103\/revisions"}],"predecessor-version":[{"id":106,"href":"https:\/\/vmbjuridica.com\/es\/wp-json\/wp\/v2\/pages\/103\/revisions\/106"}],"wp:attachment":[{"href":"https:\/\/vmbjuridica.com\/es\/wp-json\/wp\/v2\/media?parent=103"}],"curies":[{"name":"wp","href":"https:\/\/api.w.org\/{rel}","templated":true}]}}